{"id":16,"date":"2011-11-26T18:10:40","date_gmt":"2011-11-26T17:10:40","guid":{"rendered":"http:\/\/www.smm.nu\/wordpress\/?page_id=16"},"modified":"2025-10-12T15:57:56","modified_gmt":"2025-10-12T13:57:56","slug":"sybb","status":"publish","type":"page","link":"https:\/\/www.smm.nu\/wordpress\/?page_id=16","title":{"rendered":"SYBB \u2013 Swedish Youth Brass Band"},"content":{"rendered":"<p style=\"text-align: left;\">Swedish Youth Brass Band \u00e4r en nationell ungdomsorkester med bes\u00e4ttning brassband. Orkestern drivs av Svensk Musik med Mission. Dirigenter \u00e4r Berit Palmquist och Mattias Hjortlinger.<\/p>\n<p><img loading=\"lazy\" decoding=\"async\" class=\"wp-image-3536 size-large aligncenter\" src=\"https:\/\/www.smm.nu\/wordpress\/wp-content\/uploads\/2023\/10\/SYBB-1-1024x768.jpg\" alt=\"\" width=\"1024\" height=\"768\" srcset=\"https:\/\/www.smm.nu\/wordpress\/wp-content\/uploads\/2023\/10\/SYBB-1-1024x768.jpg 1024w, https:\/\/www.smm.nu\/wordpress\/wp-content\/uploads\/2023\/10\/SYBB-1-300x225.jpg 300w, https:\/\/www.smm.nu\/wordpress\/wp-content\/uploads\/2023\/10\/SYBB-1-768x576.jpg 768w, https:\/\/www.smm.nu\/wordpress\/wp-content\/uploads\/2023\/10\/SYBB-1-1536x1152.jpg 1536w, https:\/\/www.smm.nu\/wordpress\/wp-content\/uploads\/2023\/10\/SYBB-1-2048x1536.jpg 2048w\" sizes=\"auto, (max-width: 1024px) 100vw, 1024px\" \/><\/p>\n<p><strong>SYBB-helger 2026<\/strong><\/p>\n<div>2-5 januari, Link\u00f6ping<br \/>\n6-8 mars \u2013 Plats ej best\u00e4md<br \/>\n1-3 maj \u2013 SMMs Bl\u00e5sartr\u00e4ff i J\u00f6nk\u00f6ping<\/div>\n<p><strong>V\u00e4lkommen till SYBB!<\/strong><\/p>\n<p>SYBB \u00e4r en nationell ungdomsorkester, som i f\u00f6rsta hand v\u00e4nder sig till musikanter fr\u00e5n gymnasie\u00e5ldern och upp\u00e5t. Rekrytering sker framf\u00f6r allt inom SMM men det kr\u00e4vs inte medlemskap i SMM f\u00f6r att f\u00e5 vara med. Musikantens hemmak\u00e5r b\u00f6r k\u00e4nna till, godk\u00e4nna och st\u00f6dja dennes deltagande i SYBBs verksamhet.<\/p>\n<p>Rekrytering inf\u00f6r n\u00e4sta verksamhets\u00e5r sker under september och oktober genom inbjudan till tidigare medlemmar, annonsering i samband med Svenska Brassbandfestivalen samt utskick till de deltagare i Junior-SYBB och p\u00e5 sommarmusikskolor som bed\u00f6ms ha tillr\u00e4ckliga f\u00f6rkunskaper. SYBB har plats f\u00f6r ca 30 deltagare och alla intresserade \u00e4r v\u00e4lkomna att anm\u00e4la sig. Vid behov rekryteras musikanter fortl\u00f6pande. Kontakta Berit Palmquist p\u00e5 sybb(a)smm.nu om du har fr\u00e5gor eller anm\u00e4l dig via formul\u00e4ret l\u00e4ngst ned p\u00e5 sidan<\/p>\n<p>SYBB v\u00e4nder sig i f\u00f6rsta hand till musikanter i \u00e5ldrarna 17-24 \u00e5r. Rekrytering sker framf\u00f6r allt inom SMM men det kr\u00e4vs inte medlemskap i SMM f\u00f6r att f\u00e5 vara med. Musikantens hemmak\u00e5r b\u00f6r k\u00e4nna till, godk\u00e4nna och st\u00f6dja dennes deltagande i SYBBs verksamhet.<\/p>\n<p>Rekrytering inf\u00f6r n\u00e4sta verksamhets\u00e5r sker under september och oktober genom inbjudan till tidigare medlemmar, annonsering i samband med <a href=\"http:\/\/www.brassband.nu\/\" target=\"_blank\" rel=\"noopener\">Svenska Brassbandfestivalen<\/a> samt utskick till de deltagare i <a href=\"https:\/\/www.smm.nu\/wordpress\/?page_id=20\">Junior-SYBB<\/a> och p\u00e5 <a href=\"https:\/\/www.smm.nu\/wordpress\/?page_id=34\">sommarmusikskolor<\/a> som bed\u00f6ms ha tillr\u00e4ckliga f\u00f6rkunskaper. SYBB har plats f\u00f6r ca 30 deltagare och alla intresserade \u00e4r v\u00e4lkomna att anm\u00e4la sig. Vid behov rekryteras musikanter fortl\u00f6pande.<\/p>\n<p>Fyll i formul\u00e4ret l\u00e4ngst ned p\u00e5 sidan om du vill vara med, eller kontakta Berit Palmquist p\u00e5 <a href=\"mailto:sybb@smm.nu\">sybb(a)smm.nu<\/a> om du har funderingar!<\/p>\n<p><strong>Verksamhet<\/strong><\/p>\n<p>Huvuddelen av SYBB:s verksamhet genomf\u00f6rs under f\u00f6rsta halv\u00e5ret i form av 3-4 samlingar under tiden januari till juni. Deltagare f\u00f6rv\u00e4ntas medverka vid alla samlingar under en s\u00e4song. Varje samling omfattar ca 3-5 dagar och kan t ex inneh\u00e5lla \u00f6vningsdagar, konserter, musikgudstj\u00e4nster, turn\u00e9, medverkan i festival osv. SYBB har bland annat deltagit tre g\u00e5nger i EM f\u00f6r brassband, senast v\u00e5ren 2023 i Malm\u00f6<\/p>\n<p><strong>Musikaliska f\u00f6ruts\u00e4ttningar<\/strong><\/p>\n<ul>\n<li>Musikanter i SYBB ska ha god notl\u00e4sningsvana och orkestervana.<\/li>\n<li>Musikanter ska ha de instrumenttekniska och musikaliska f\u00f6ruts\u00e4ttningar som beh\u00f6vs f\u00f6r verksamheten.<\/li>\n<li>Musikanter ska kunna ta eget ansvar och hj\u00e4lpa till med orkesterns gemensamma arbetsuppgifter ut\u00f6ver de musikaliska.<\/li>\n<li>Provspelning genomf\u00f6rs normalt ej men s\u00f6kande ska vid behov kunna ange referenser.<\/li>\n<\/ul>\n<p><strong>\u00d6vrigt<\/strong><\/p>\n<p>SYBB \u00e4r en form av ledarutbildning som omfattar b\u00e5de musikaliska och praktiska delar. I orkestern f\u00f6rv\u00e4ntas varje deltagare ta ansvar f\u00f6r sin st\u00e4mma, \u00f6va hemma, genomf\u00f6ra koncentrerade repetitioner och str\u00e4va efter att utvecklas som musiker. Logi \u00e4r oftast golvboende i n\u00e5gon kyrka och mat ordnas gemensamt. Genom att delta aktivt i olika praktiska g\u00f6rom\u00e5l som planering, matlagning, notsortering, st\u00e4dning och liknande f\u00e5r alla deltagare en naturlig utbildning i olika delar av orkesteradministration.<\/p>\n<p>SYBB:s verksamhet baseras p\u00e5 Equmeniakyrkans v\u00e4rdegrund. SYBB:s verksamhet \u00e4r drogfri.<\/p>\n<p><strong>Anm\u00e4lan<\/strong><\/p>\n<p>Vill du vara med i Swedish Youth Brassband 2026? Fyll i formul\u00e4ret nedan!<\/p>\n<noscript class=\"ninja-forms-noscript-message\">\n\tObservera: JavaScript kr\u00e4vs f\u00f6r detta inneh\u00e5ll.<\/noscript>\n<div id=\"nf-form-11-cont\" class=\"nf-form-cont\" aria-live=\"polite\" aria-labelledby=\"nf-form-title-11\" aria-describedby=\"nf-form-errors-11\" role=\"form\">\n\n    <div class=\"nf-loading-spinner\"><\/div>\n\n<\/div>\n        <!-- That data is being printed as a workaround to page builders reordering the order of the scripts loaded-->\n        <script>var formDisplay=1;var nfForms=nfForms||[];var form=[];form.id='11';form.settings={\"objectType\":\"Form Setting\",\"editActive\":true,\"title\":\"Anm\\u00e4lan till Swedish Youth Brass Band\",\"created_at\":\"2020-01-28 17:15:34\",\"show_title\":0,\"clear_complete\":\"1\",\"hide_complete\":\"1\",\"default_label_pos\":\"above\",\"wrapper_class\":\"\",\"element_class\":\"\",\"add_submit\":\"1\",\"currency\":\"\",\"unique_field_error\":\"A form with this value has already been submitted.\",\"logged_in\":\"\",\"not_logged_in_msg\":\"\",\"sub_limit_msg\":\"The form has reached its submission limit.\",\"calculations\":[],\"formContentData\":[\"foernamn_1552642454063\",\"efternamn_1552642459159\",\"address_1519846588802\",\"postadress_1519846609256\",\"telefon_1519846819413\",\"e-post_1580228536169\",\"personnummer_1519846833415\",\"instrument_1580228484170\",\"foeraelder_naermast_anhoerig_1519846845470\",\"telefon_till_foeraelder_naermast_anhoerig_1519846853880\",\"oevriga_upplysningar_allergier_specialkost_osv_1519847016741\",\"foton_pa_deltagaren_far_publiceras_pa_hemsida_och_sociala_medier_1552642499468\",\"skicka_1519847400151\"],\"changeEmailErrorMsg\":\"Ange en giltig e-postadress!\",\"confirmFieldErrorMsg\":\"Dessa f\\u00e4lt m\\u00e5ste matcha!\",\"fieldNumberNumMinError\":\"Minnummer-fel\",\"fieldNumberNumMaxError\":\"Maxnummer-fel\",\"fieldNumberIncrementBy\":\"\\u00d6ka med \",\"formErrorsCorrectErrors\":\"R\\u00e4tta till fel innan du skickar in detta formul\\u00e4r.\",\"validateRequiredField\":\"Detta \\u00e4r ett obligatoriskt f\\u00e4lt.\",\"honeypotHoneypotError\":\"Honeypot-fel\",\"fieldsMarkedRequired\":\"F\\u00e4lt markerade med en <span class=\\\"ninja-forms-req-symbol\\\">*<\\\/span> \\u00e4r obligatoriskt\",\"drawerDisabled\":false,\"ninjaForms\":\"Ninja Forms\",\"changeDateErrorMsg\":\"Ange ett giltigt datum!\",\"fieldTextareaRTEInsertLink\":\"Infoga l\\u00e4nk\",\"fieldTextareaRTEInsertMedia\":\"Infoga media\",\"fieldTextareaRTESelectAFile\":\"V\\u00e4lj en fil\",\"formHoneypot\":\"Om du \\u00e4r en m\\u00e4nniska som ser detta f\\u00e4lt, l\\u00e4mna det tomt.\",\"fileUploadOldCodeFileUploadInProgress\":\"Filuppladdning p\\u00e5g\\u00e5r.\",\"fileUploadOldCodeFileUpload\":\"FILUPPLADDNING\",\"currencySymbol\":\"$\",\"thousands_sep\":\"&nbsp;\",\"decimal_point\":\",\",\"siteLocale\":\"sv_SE\",\"dateFormat\":\"d\\\/m\\\/Y\",\"startOfWeek\":\"1\",\"of\":\"av\",\"previousMonth\":\"F\\u00f6reg\\u00e5ende m\\u00e5nad\",\"nextMonth\":\"N\\u00e4sta m\\u00e5nad\",\"months\":[\"Januari\",\"Februari\",\"Mars\",\"April\",\"Maj\",\"Juni\",\"Juli\",\"Augusti\",\"September\",\"Oktober\",\"November\",\"December\"],\"monthsShort\":[\"Jan\",\"Feb\",\"Mar\",\"Apr\",\"Maj\",\"Jun\",\"Jul\",\"Aug\",\"Sep\",\"Okt\",\"Nov\",\"Dec\"],\"weekdays\":[\"S\\u00f6ndag\",\"M\\u00e5ndag\",\"Tisdag\",\"Onsdag\",\"Torsdag\",\"Fredag\",\"L\\u00f6rdag\"],\"weekdaysShort\":[\"S\\u00f6n\",\"M\\u00e5n\",\"Tis\",\"Ons\",\"Tor\",\"Fre\",\"L\\u00f6r\"],\"weekdaysMin\":[\"S\\u00f6\",\"M\\u00e5\",\"Ti\",\"On\",\"To\",\"Fr\",\"L\\u00f6\"],\"recaptchaConsentMissing\":\"reCaptcha validation couldn&#039;t load.\",\"recaptchaMissingCookie\":\"reCaptcha v3 validation couldn&#039;t load the cookie needed to submit the form.\",\"recaptchaConsentEvent\":\"Accept reCaptcha cookies before sending the form.\",\"embed_form\":\"\",\"currency_symbol\":\"\",\"beforeForm\":\"\",\"beforeFields\":\"\",\"afterFields\":\"\",\"afterForm\":\"\"};form.fields=[{\"objectType\":\"Field\",\"objectDomain\":\"fields\",\"editActive\":false,\"order\":1,\"placeholder\":\"\",\"default\":\"\",\"required\":1,\"label_pos\":\"above\",\"key\":\"foernamn_1552642454063\",\"label\":\"F\\u00f6rnamn\",\"type\":\"firstname\",\"drawerDisabled\":\"\",\"container_class\":\"\",\"element_class\":\"\",\"admin_label\":\"\",\"help_text\":\"\",\"id\":154,\"beforeField\":\"\",\"afterField\":\"\",\"value\":\"\",\"parentType\":\"firstname\",\"element_templates\":[\"firstname\",\"input\"],\"old_classname\":\"\",\"wrap_template\":\"wrap\"},{\"objectType\":\"Field\",\"objectDomain\":\"fields\",\"editActive\":false,\"order\":2,\"type\":\"firstname\",\"label\":\"Efternamn\",\"key\":\"efternamn_1552642459159\",\"label_pos\":\"above\",\"required\":1,\"default\":\"\",\"placeholder\":\"\",\"container_class\":\"\",\"element_class\":\"\",\"admin_label\":\"\",\"help_text\":\"\",\"id\":172,\"beforeField\":\"\",\"afterField\":\"\",\"value\":\"\",\"parentType\":\"firstname\",\"element_templates\":[\"firstname\",\"input\"],\"old_classname\":\"\",\"wrap_template\":\"wrap\"},{\"objectType\":\"Field\",\"objectDomain\":\"fields\",\"editActive\":false,\"order\":3,\"input_limit_type\":\"characters\",\"input_limit\":\"\",\"element_class\":\"\",\"container_class\":\"\",\"placeholder\":\"\",\"default\":\"\",\"required\":1,\"label_pos\":\"above\",\"key\":\"address_1519846588802\",\"label\":\"Adress\",\"type\":\"address\",\"input_limit_msg\":\"Tecken kvar\",\"manual_key\":\"\",\"admin_label\":\"\",\"help_text\":\"\",\"mask\":\"\",\"custom_mask\":\"\",\"id\":155,\"beforeField\":\"\",\"afterField\":\"\",\"value\":\"\",\"parentType\":\"address\",\"element_templates\":[\"address\",\"textbox\",\"input\"],\"old_classname\":\"\",\"wrap_template\":\"wrap\"},{\"objectType\":\"Field\",\"objectDomain\":\"fields\",\"editActive\":false,\"order\":4,\"type\":\"address\",\"label\":\"Postadress\",\"key\":\"postadress_1519846609256\",\"label_pos\":\"above\",\"required\":1,\"default\":\"\",\"placeholder\":\"\",\"container_class\":\"\",\"element_class\":\"\",\"input_limit\":\"\",\"input_limit_type\":\"characters\",\"input_limit_msg\":\"Tecken kvar\",\"manual_key\":\"\",\"admin_label\":\"\",\"help_text\":\"\",\"mask\":\"\",\"custom_mask\":\"\",\"drawerDisabled\":\"\",\"id\":156,\"beforeField\":\"\",\"afterField\":\"\",\"value\":\"\",\"parentType\":\"address\",\"element_templates\":[\"address\",\"textbox\",\"input\"],\"old_classname\":\"\",\"wrap_template\":\"wrap\"},{\"objectType\":\"Field\",\"objectDomain\":\"fields\",\"editActive\":false,\"order\":5,\"type\":\"phone\",\"label\":\"Telefon\",\"key\":\"telefon_1519846819413\",\"label_pos\":\"above\",\"required\":1,\"default\":\"\",\"placeholder\":\"\",\"container_class\":\"\",\"element_class\":\"\",\"input_limit\":\"\",\"input_limit_type\":\"characters\",\"input_limit_msg\":\"Tecken kvar\",\"manual_key\":\"\",\"admin_label\":\"\",\"help_text\":\"\",\"mask\":\"\",\"custom_mask\":\"\",\"id\":157,\"beforeField\":\"\",\"afterField\":\"\",\"value\":\"\",\"parentType\":\"textbox\",\"element_templates\":[\"tel\",\"textbox\",\"input\"],\"old_classname\":\"\",\"wrap_template\":\"wrap\"},{\"objectType\":\"Field\",\"objectDomain\":\"fields\",\"editActive\":false,\"order\":6,\"type\":\"email\",\"label\":\"E-post\",\"key\":\"e-post_1580228536169\",\"label_pos\":\"above\",\"required\":1,\"default\":\"\",\"placeholder\":\"\",\"container_class\":\"\",\"element_class\":\"\",\"admin_label\":\"\",\"help_text\":\"\",\"id\":161,\"beforeField\":\"\",\"afterField\":\"\",\"value\":\"\",\"parentType\":\"email\",\"element_templates\":[\"email\",\"input\"],\"old_classname\":\"\",\"wrap_template\":\"wrap\"},{\"objectType\":\"Field\",\"objectDomain\":\"fields\",\"editActive\":false,\"order\":7,\"custom_mask\":\"\",\"mask\":\"\",\"help_text\":\"\",\"admin_label\":\"\",\"type\":\"textbox\",\"label\":\"Personnummer\",\"key\":\"personnummer_1519846833415\",\"label_pos\":\"above\",\"required\":1,\"default\":\"\",\"placeholder\":\"\",\"container_class\":\"\",\"element_class\":\"\",\"input_limit\":\"\",\"input_limit_type\":\"characters\",\"input_limit_msg\":\"Tecken kvar\",\"manual_key\":\"\",\"id\":158,\"beforeField\":\"\",\"afterField\":\"\",\"value\":\"\",\"parentType\":\"textbox\",\"element_templates\":[\"textbox\",\"input\"],\"old_classname\":\"\",\"wrap_template\":\"wrap\"},{\"objectType\":\"Field\",\"objectDomain\":\"fields\",\"editActive\":false,\"order\":8,\"type\":\"textbox\",\"label\":\"Instrument\",\"key\":\"instrument_1580228484170\",\"label_pos\":\"above\",\"required\":1,\"default\":\"\",\"placeholder\":\"\",\"container_class\":\"\",\"element_class\":\"\",\"input_limit\":\"\",\"input_limit_type\":\"characters\",\"input_limit_msg\":\"Tecken kvar\",\"manual_key\":\"\",\"admin_label\":\"\",\"help_text\":\"\",\"mask\":\"\",\"custom_mask\":\"\",\"id\":162,\"beforeField\":\"\",\"afterField\":\"\",\"value\":\"\",\"parentType\":\"textbox\",\"element_templates\":[\"textbox\",\"input\"],\"old_classname\":\"\",\"wrap_template\":\"wrap\"},{\"objectType\":\"Field\",\"objectDomain\":\"fields\",\"editActive\":false,\"order\":9,\"key\":\"foeraelder_naermast_anhoerig_1519846845470\",\"label_pos\":\"above\",\"required\":1,\"default\":\"\",\"placeholder\":\"\",\"container_class\":\"\",\"element_class\":\"\",\"input_limit\":\"\",\"input_limit_type\":\"characters\",\"input_limit_msg\":\"Tecken kvar\",\"manual_key\":\"\",\"admin_label\":\"\",\"help_text\":\"\",\"mask\":\"\",\"custom_mask\":\"\",\"label\":\"F\\u00f6r\\u00e4lder\\\/n\\u00e4rmast anh\\u00f6rig\",\"type\":\"textbox\",\"id\":159,\"beforeField\":\"\",\"afterField\":\"\",\"value\":\"\",\"parentType\":\"textbox\",\"element_templates\":[\"textbox\",\"input\"],\"old_classname\":\"\",\"wrap_template\":\"wrap\"},{\"objectType\":\"Field\",\"objectDomain\":\"fields\",\"editActive\":false,\"order\":10,\"type\":\"phone\",\"label\":\"Telefon till f\\u00f6r\\u00e4lder\\\/n\\u00e4rmast anh\\u00f6rig\",\"key\":\"telefon_till_foeraelder_naermast_anhoerig_1519846853880\",\"label_pos\":\"above\",\"required\":1,\"default\":\"\",\"placeholder\":\"\",\"container_class\":\"\",\"element_class\":\"\",\"input_limit\":\"\",\"input_limit_type\":\"characters\",\"input_limit_msg\":\"Tecken kvar\",\"manual_key\":\"\",\"admin_label\":\"\",\"help_text\":\"\",\"mask\":\"\",\"custom_mask\":\"\",\"id\":160,\"beforeField\":\"\",\"afterField\":\"\",\"value\":\"\",\"parentType\":\"textbox\",\"element_templates\":[\"tel\",\"textbox\",\"input\"],\"old_classname\":\"\",\"wrap_template\":\"wrap\"},{\"objectType\":\"Field\",\"objectDomain\":\"fields\",\"editActive\":false,\"order\":11,\"type\":\"textarea\",\"label\":\"\\u00d6vriga upplysningar (allergier, specialkost osv.)\",\"key\":\"oevriga_upplysningar_allergier_specialkost_osv_1519847016741\",\"label_pos\":\"above\",\"required\":\"\",\"default\":\"\",\"placeholder\":\"\",\"container_class\":\"\",\"element_class\":\"\",\"input_limit\":\"\",\"input_limit_type\":\"characters\",\"input_limit_msg\":\"Tecken kvar\",\"manual_key\":\"\",\"admin_label\":\"\",\"help_text\":\"\",\"textarea_rte\":\"\",\"disable_rte_mobile\":\"\",\"textarea_media\":\"\",\"id\":169,\"beforeField\":\"\",\"afterField\":\"\",\"value\":\"\",\"parentType\":\"textarea\",\"element_templates\":[\"textarea\",\"input\"],\"old_classname\":\"\",\"wrap_template\":\"wrap\"},{\"objectType\":\"Field\",\"objectDomain\":\"fields\",\"editActive\":false,\"order\":12,\"type\":\"checkbox\",\"label\":\"Foton p\\u00e5 deltagaren f\\u00e5r publiceras p\\u00e5 hemsida och sociala medier\",\"key\":\"foton_pa_deltagaren_far_publiceras_pa_hemsida_och_sociala_medier_1552642499468\",\"label_pos\":\"right\",\"required\":\"\",\"container_class\":\"\",\"element_class\":\"\",\"manual_key\":\"\",\"admin_label\":\"\",\"help_text\":\"\",\"default_value\":\"unchecked\",\"checked_value\":\"Ja\",\"unchecked_value\":\"Avmarkerat\",\"checked_calc_value\":\"\",\"unchecked_calc_value\":\"\",\"drawerDisabled\":false,\"id\":173,\"beforeField\":\"\",\"afterField\":\"\",\"value\":\"\",\"parentType\":\"checkbox\",\"element_templates\":[\"checkbox\",\"input\"],\"old_classname\":\"\",\"wrap_template\":\"wrap\"},{\"objectType\":\"Field\",\"objectDomain\":\"fields\",\"editActive\":false,\"order\":20,\"type\":\"submit\",\"label\":\"Skicka\",\"processing_label\":\"Behandlas\",\"container_class\":\"\",\"element_class\":\"\",\"key\":\"skicka_1519847400151\",\"drawerDisabled\":\"\",\"id\":170,\"beforeField\":\"\",\"afterField\":\"\",\"value\":\"\",\"label_pos\":\"above\",\"parentType\":\"textbox\",\"element_templates\":[\"submit\",\"button\",\"input\"],\"old_classname\":\"\",\"wrap_template\":\"wrap-no-label\"}];nfForms.push(form);<\/script>\n        ","protected":false},"excerpt":{"rendered":"<p>Swedish Youth Brass Band \u00e4r en nationell ungdomsorkester f\u00f6r dig mellan 17 och 24 \u00e5r som vill utvecklas och utmanas!<\/p>\n","protected":false},"author":1,"featured_media":1442,"parent":95,"menu_order":0,"comment_status":"closed","ping_status":"closed","template":"","meta":{"footnotes":""},"class_list":["post-16","page","type-page","status-publish","has-post-thumbnail","czr-hentry"],"_links":{"self":[{"href":"https:\/\/www.smm.nu\/wordpress\/index.php?rest_route=\/wp\/v2\/pages\/16","targetHints":{"allow":["GET"]}}],"collection":[{"href":"https:\/\/www.smm.nu\/wordpress\/index.php?rest_route=\/wp\/v2\/pages"}],"about":[{"href":"https:\/\/www.smm.nu\/wordpress\/index.php?rest_route=\/wp\/v2\/types\/page"}],"author":[{"embeddable":true,"href":"https:\/\/www.smm.nu\/wordpress\/index.php?rest_route=\/wp\/v2\/users\/1"}],"replies":[{"embeddable":true,"href":"https:\/\/www.smm.nu\/wordpress\/index.php?rest_route=%2Fwp%2Fv2%2Fcomments&post=16"}],"version-history":[{"count":75,"href":"https:\/\/www.smm.nu\/wordpress\/index.php?rest_route=\/wp\/v2\/pages\/16\/revisions"}],"predecessor-version":[{"id":4010,"href":"https:\/\/www.smm.nu\/wordpress\/index.php?rest_route=\/wp\/v2\/pages\/16\/revisions\/4010"}],"up":[{"embeddable":true,"href":"https:\/\/www.smm.nu\/wordpress\/index.php?rest_route=\/wp\/v2\/pages\/95"}],"wp:featuredmedia":[{"embeddable":true,"href":"https:\/\/www.smm.nu\/wordpress\/index.php?rest_route=\/wp\/v2\/media\/1442"}],"wp:attachment":[{"href":"https:\/\/www.smm.nu\/wordpress\/index.php?rest_route=%2Fwp%2Fv2%2Fmedia&parent=16"}],"curies":[{"name":"wp","href":"https:\/\/api.w.org\/{rel}","templated":true}]}}