{"id":20,"date":"2011-11-26T18:13:54","date_gmt":"2011-11-26T17:13:54","guid":{"rendered":"http:\/\/www.smm.nu\/wordpress\/?page_id=20"},"modified":"2025-10-12T15:51:04","modified_gmt":"2025-10-12T13:51:04","slug":"junior-sybb","status":"publish","type":"page","link":"https:\/\/www.smm.nu\/wordpress\/?page_id=20","title":{"rendered":"Junior-SYBB"},"content":{"rendered":"<p>Junior-SYBB \u2013&nbsp;Swedish Youth Brass Band, junior \u2013 \u00e4r en nationell ungdomsorkester med bes\u00e4ttning brassband. Orkestern drivs av Svensk Musik med Mission.<\/p>\n<p style=\"text-align: center;\">\n\n\n<figure class=\"wp-block-image size-large is-resized\"><img loading=\"lazy\" decoding=\"async\" width=\"1024\" height=\"769\" src=\"https:\/\/www.smm.nu\/wordpress\/wp-content\/uploads\/2023\/11\/IMG_5052-1024x769.jpg\" alt=\"\" class=\"wp-image-3562\" style=\"width:956px;height:717px\" srcset=\"https:\/\/www.smm.nu\/wordpress\/wp-content\/uploads\/2023\/11\/IMG_5052-1024x769.jpg 1024w, https:\/\/www.smm.nu\/wordpress\/wp-content\/uploads\/2023\/11\/IMG_5052-300x225.jpg 300w, https:\/\/www.smm.nu\/wordpress\/wp-content\/uploads\/2023\/11\/IMG_5052-768x577.jpg 768w, https:\/\/www.smm.nu\/wordpress\/wp-content\/uploads\/2023\/11\/IMG_5052.jpg 1440w\" sizes=\"auto, (max-width: 1024px) 100vw, 1024px\" \/><\/figure>\n\n\n<p><b>Kan jag vara med i Junior-SYBB?<\/b><\/p>\n<p>Junior-SYBB v\u00e4nder sig i f\u00f6rsta hand till deltagare i \u00e5ldrarna 13-16 \u00e5r. F\u00f6r dig som \u00e4r 17-24 \u00e5r finns <a href=\"https:\/\/www.smm.nu\/wordpress\/?page_id=16\">SYBB<\/a>. Rekrytering sker framf\u00f6r allt\u00a0inom SMM men det kr\u00e4vs inte medlemskap i SMM f\u00f6r att f\u00e5 vara med. Musikantens hemmak\u00e5r b\u00f6r k\u00e4nna till, godk\u00e4nna och st\u00f6dja dennes deltagande i Junior-SYBB:s verksamhet<\/p>\n<p>Rekrytering inf\u00f6r n\u00e4sta verksamhets\u00e5r sker under september och oktober genom inbjudan till tidigare medlemmar samt utskick till de deltagare p\u00e5 <a href=\"https:\/\/www.smm.nu\/wordpress\/?page_id=34\">SMM:s sommarmusikskolor<\/a> som bed\u00f6ms ha tillr\u00e4ckliga f\u00f6rkunskaper.\u00a0 Junior-SYBB har plats f\u00f6r ca 35 deltagare och intresserade \u00e4r v\u00e4lkomna att anm\u00e4la sig. Se kontaktuppgifter nedan. Vid behov rekryteras musikanter fortl\u00f6pande.<\/p>\n<p><strong>Verksamhet<\/strong><\/p>\n<p>Huvuddelen av Junior-SYBB:s verksamhet genomf\u00f6rs i form av 3-4 samlingar under tiden januari till september. Varje samling omfattar ca 3-5 dagar och kan t ex inneh\u00e5lla \u00f6vningsdagar, konserter, musikgudstj\u00e4nster, turn\u00e9 eller medverkan i festivaler.<\/p>\n<p><strong>Musikaliska f\u00f6ruts\u00e4ttningar<\/strong><\/p>\n<p>Musikanter i Junior-SYBB ska ha god notl\u00e4sningsvana och orkestervana.\u00a0Musikanter ska ha de instrumenttekniska och musikaliska f\u00f6ruts\u00e4ttningar som beh\u00f6vs f\u00f6r verksamheten.<\/p>\n<p><strong>\u00d6vrigt<\/strong><\/p>\n<p>Junior-SYBB \u00e4r en form av ledarutbildning som omfattar b\u00e5de musikaliska och praktiska delar. I orkestern f\u00f6rv\u00e4ntas varje deltagare ta ansvar f\u00f6r sin st\u00e4mma, \u00f6va hemma, genomf\u00f6ra koncentrerade repetitioner och hela tiden utvecklas som musiker. Genom att delta aktivt i olika praktiska g\u00f6rom\u00e5l som matlagning, st\u00e4dning, transport, praktisk planering, notsortering och dylikt f\u00e5r alla deltagare en naturlig utbildning i orkesteradministration.<\/p>\n<p>Junior-SYBBs verksamhet baseras p\u00e5 Equmeniakyrkans v\u00e4rdegrund. Junior-SYBB:s verksamhet \u00e4r drogfri.<\/p>\n<p><strong>Kontakt<\/strong><\/p>\n<p>Vill du komma i kontakt med ledarna, maila <a href=\"mailto:juniorsybb@gmail.com\">juniorsybb@gmail.com<\/a>\u00a0eller h\u00f6r av dig till 070 227 38 89<\/p>\n<p><strong>Junior-SYBB 2026<\/strong><\/p>\n<div>\n<p>3-6 januari &#8211; Fristad<br \/>1-3 maj &#8211; SMMs Bl\u00e5sartr\u00e4ff i J\u00f6nk\u00f6ping<br \/>28-30 augusti \u2013 Plats ej best\u00e4md<\/p>\n<\/div>\n<p>Du som \u00e4r mellan 13 och 16 \u00e5r \u00e4r v\u00e4lkommen att spela Brassband i J-SYBB! Missa inte denna unika chans att f\u00e5 spela tillsammans med ungdomar fr\u00e5n hela Sverige. \u00c4n finns chans att anm\u00e4la sig!<\/p>\n<p>Sprid g\u00e4rna informationen till de som kanske inte f\u00e5tt den.<\/p>\n<p>V\u00e4lkomna!<\/p>\n<p><strong>Anm\u00e4lan<\/strong><\/p><noscript class=\"ninja-forms-noscript-message\">\n\tObservera: JavaScript kr\u00e4vs f\u00f6r detta inneh\u00e5ll.<\/noscript>\n<div id=\"nf-form-14-cont\" class=\"nf-form-cont\" aria-live=\"polite\" aria-labelledby=\"nf-form-title-14\" aria-describedby=\"nf-form-errors-14\" role=\"form\">\n\n    <div class=\"nf-loading-spinner\"><\/div>\n\n<\/div>\n        <!-- That data is being printed as a workaround to page builders reordering the order of the scripts loaded-->\n        <script>var formDisplay=1;var nfForms=nfForms||[];var form=[];form.id='14';form.settings={\"objectType\":\"Form Setting\",\"editActive\":true,\"title\":\"Anm\\u00e4lan till Junior Swedish Youth Brass Band\",\"created_at\":\"2023-11-14 22:31:49\",\"default_label_pos\":\"above\",\"show_title\":\"0\",\"clear_complete\":\"1\",\"hide_complete\":\"1\",\"logged_in\":\"\",\"formContentData\":[\"foernamn_1552642454063\",\"efternamn_1552642459159\",\"telefon_1519846819413\",\"e-post_1580228536169\",\"personnummer_1519846833415\",\"instrument_1580228484170\",\"foeraelder_naermast_anhoerig_1519846845470\",\"telefon_till_foeraelder_naermast_anhoerig_1519846853880\",\"oevriga_upplysningar_allergier_specialkost_osv_1519847016741\",\"foton_pa_deltagaren_far_publiceras_pa_hemsida_och_sociala_medier_1552642499468\",\"skicka_1519847400151\"],\"calculations\":[],\"sub_limit_msg\":\"The form has reached its submission limit.\",\"wrapper_class\":\"\",\"element_class\":\"\",\"add_submit\":\"1\",\"currency\":\"\",\"unique_field_error\":\"A form with this value has already been submitted.\",\"not_logged_in_msg\":\"\",\"changeEmailErrorMsg\":\"Ange en giltig e-postadress!\",\"confirmFieldErrorMsg\":\"Dessa f\\u00e4lt m\\u00e5ste matcha!\",\"fieldNumberNumMinError\":\"Minnummer-fel\",\"fieldNumberNumMaxError\":\"Maxnummer-fel\",\"fieldNumberIncrementBy\":\"\\u00d6ka med \",\"formErrorsCorrectErrors\":\"R\\u00e4tta till fel innan du skickar in detta formul\\u00e4r.\",\"validateRequiredField\":\"Detta \\u00e4r ett obligatoriskt f\\u00e4lt.\",\"honeypotHoneypotError\":\"Honeypot-fel\",\"fieldsMarkedRequired\":\"F\\u00e4lt markerade med en <span class=\\\"ninja-forms-req-symbol\\\">*<\\\/span> \\u00e4r obligatoriskt\",\"drawerDisabled\":false,\"allow_public_link\":0,\"embed_form\":\"\",\"form_title_heading_level\":\"3\",\"key\":\"\",\"changeDateErrorMsg\":\"Ange ett giltigt datum!\",\"ninjaForms\":\"Ninja Forms\",\"fieldTextareaRTEInsertLink\":\"Infoga l\\u00e4nk\",\"fieldTextareaRTEInsertMedia\":\"Infoga media\",\"fieldTextareaRTESelectAFile\":\"V\\u00e4lj en fil\",\"formHoneypot\":\"Om du \\u00e4r en m\\u00e4nniska som ser detta f\\u00e4lt, l\\u00e4mna det tomt.\",\"fileUploadOldCodeFileUploadInProgress\":\"Filuppladdning p\\u00e5g\\u00e5r.\",\"fileUploadOldCodeFileUpload\":\"FILUPPLADDNING\",\"currencySymbol\":\"$\",\"thousands_sep\":\"&nbsp;\",\"decimal_point\":\",\",\"siteLocale\":\"sv_SE\",\"dateFormat\":\"d\\\/m\\\/Y\",\"startOfWeek\":\"1\",\"of\":\"av\",\"previousMonth\":\"F\\u00f6reg\\u00e5ende m\\u00e5nad\",\"nextMonth\":\"N\\u00e4sta m\\u00e5nad\",\"months\":[\"Januari\",\"Februari\",\"Mars\",\"April\",\"Maj\",\"Juni\",\"Juli\",\"Augusti\",\"September\",\"Oktober\",\"November\",\"December\"],\"monthsShort\":[\"Jan\",\"Feb\",\"Mar\",\"Apr\",\"Maj\",\"Jun\",\"Jul\",\"Aug\",\"Sep\",\"Okt\",\"Nov\",\"Dec\"],\"weekdays\":[\"S\\u00f6ndag\",\"M\\u00e5ndag\",\"Tisdag\",\"Onsdag\",\"Torsdag\",\"Fredag\",\"L\\u00f6rdag\"],\"weekdaysShort\":[\"S\\u00f6n\",\"M\\u00e5n\",\"Tis\",\"Ons\",\"Tor\",\"Fre\",\"L\\u00f6r\"],\"weekdaysMin\":[\"S\\u00f6\",\"M\\u00e5\",\"Ti\",\"On\",\"To\",\"Fr\",\"L\\u00f6\"],\"recaptchaConsentMissing\":\"reCaptcha validation couldn&#039;t load.\",\"recaptchaMissingCookie\":\"reCaptcha v3 validation couldn&#039;t load the cookie needed to submit the form.\",\"recaptchaConsentEvent\":\"Accept reCaptcha cookies before sending the form.\",\"currency_symbol\":\"\",\"beforeForm\":\"\",\"beforeFields\":\"\",\"afterFields\":\"\",\"afterForm\":\"\"};form.fields=[{\"objectType\":\"Field\",\"objectDomain\":\"fields\",\"editActive\":false,\"order\":1,\"idAttribute\":\"id\",\"required\":1,\"label_pos\":\"above\",\"key\":\"foernamn_1552642454063\",\"label\":\"F\\u00f6rnamn\",\"type\":\"firstname\",\"field_label\":\"F\\u00f6rnamn\",\"field_key\":\"foernamn_1552642454063\",\"default\":\"\",\"placeholder\":\"\",\"container_class\":\"\",\"element_class\":\"\",\"admin_label\":\"\",\"help_text\":\"\",\"custom_name_attribute\":\"fname\",\"personally_identifiable\":1,\"value\":\"\",\"id\":216,\"beforeField\":\"\",\"afterField\":\"\",\"parentType\":\"firstname\",\"element_templates\":[\"firstname\",\"input\"],\"old_classname\":\"\",\"wrap_template\":\"wrap\"},{\"objectType\":\"Field\",\"objectDomain\":\"fields\",\"editActive\":false,\"order\":2,\"idAttribute\":\"id\",\"label_pos\":\"above\",\"key\":\"efternamn_1552642459159\",\"label\":\"Efternamn\",\"type\":\"firstname\",\"required\":1,\"field_label\":\"Efternamn\",\"field_key\":\"efternamn_1552642459159\",\"default\":\"\",\"placeholder\":\"\",\"container_class\":\"\",\"element_class\":\"\",\"admin_label\":\"\",\"help_text\":\"\",\"custom_name_attribute\":\"fname\",\"personally_identifiable\":1,\"value\":\"\",\"id\":224,\"beforeField\":\"\",\"afterField\":\"\",\"parentType\":\"firstname\",\"element_templates\":[\"firstname\",\"input\"],\"old_classname\":\"\",\"wrap_template\":\"wrap\"},{\"objectType\":\"Field\",\"objectDomain\":\"fields\",\"editActive\":false,\"order\":5,\"idAttribute\":\"id\",\"type\":\"phone\",\"label\":\"Telefon\",\"key\":\"telefon_1519846819413\",\"label_pos\":\"above\",\"required\":1,\"input_limit_type\":\"characters\",\"input_limit_msg\":\"Tecken kvar\",\"field_label\":\"Telefon\",\"field_key\":\"telefon_1519846819413\",\"default\":\"\",\"placeholder\":\"\",\"container_class\":\"\",\"element_class\":\"\",\"input_limit\":\"\",\"manual_key\":false,\"admin_label\":\"\",\"help_text\":\"\",\"mask\":\"\",\"custom_mask\":\"\",\"custom_name_attribute\":\"phone\",\"personally_identifiable\":1,\"value\":\"\",\"id\":214,\"beforeField\":\"\",\"afterField\":\"\",\"parentType\":\"textbox\",\"element_templates\":[\"tel\",\"textbox\",\"input\"],\"old_classname\":\"\",\"wrap_template\":\"wrap\"},{\"objectType\":\"Field\",\"objectDomain\":\"fields\",\"editActive\":false,\"order\":6,\"idAttribute\":\"id\",\"type\":\"email\",\"label\":\"E-post\",\"key\":\"e-post_1580228536169\",\"label_pos\":\"above\",\"required\":1,\"field_label\":\"E-post\",\"field_key\":\"e-post_1580228536169\",\"default\":\"\",\"placeholder\":\"\",\"container_class\":\"\",\"element_class\":\"\",\"admin_label\":\"\",\"help_text\":\"\",\"custom_name_attribute\":\"email\",\"personally_identifiable\":1,\"value\":\"\",\"id\":220,\"beforeField\":\"\",\"afterField\":\"\",\"parentType\":\"email\",\"element_templates\":[\"email\",\"input\"],\"old_classname\":\"\",\"wrap_template\":\"wrap\"},{\"objectType\":\"Field\",\"objectDomain\":\"fields\",\"editActive\":false,\"order\":7,\"idAttribute\":\"id\",\"type\":\"textbox\",\"label\":\"Personnummer\",\"key\":\"personnummer_1519846833415\",\"label_pos\":\"above\",\"required\":1,\"input_limit_type\":\"characters\",\"input_limit_msg\":\"Tecken kvar\",\"field_label\":\"Personnummer\",\"field_key\":\"personnummer_1519846833415\",\"default\":\"\",\"placeholder\":\"\",\"container_class\":\"\",\"element_class\":\"\",\"input_limit\":\"\",\"manual_key\":false,\"admin_label\":\"\",\"help_text\":\"\",\"mask\":\"\",\"custom_mask\":\"\",\"custom_name_attribute\":\"\",\"personally_identifiable\":\"\",\"value\":\"\",\"id\":217,\"beforeField\":\"\",\"afterField\":\"\",\"parentType\":\"textbox\",\"element_templates\":[\"textbox\",\"input\"],\"old_classname\":\"\",\"wrap_template\":\"wrap\"},{\"objectType\":\"Field\",\"objectDomain\":\"fields\",\"editActive\":false,\"order\":8,\"idAttribute\":\"id\",\"input_limit_msg\":\"Tecken kvar\",\"input_limit_type\":\"characters\",\"required\":1,\"label_pos\":\"above\",\"key\":\"instrument_1580228484170\",\"label\":\"Instrument\",\"type\":\"textbox\",\"field_label\":\"Instrument\",\"field_key\":\"instrument_1580228484170\",\"default\":\"\",\"placeholder\":\"\",\"container_class\":\"\",\"element_class\":\"\",\"input_limit\":\"\",\"manual_key\":false,\"admin_label\":\"\",\"help_text\":\"\",\"mask\":\"\",\"custom_mask\":\"\",\"custom_name_attribute\":\"\",\"personally_identifiable\":\"\",\"value\":\"\",\"id\":221,\"beforeField\":\"\",\"afterField\":\"\",\"parentType\":\"textbox\",\"element_templates\":[\"textbox\",\"input\"],\"old_classname\":\"\",\"wrap_template\":\"wrap\"},{\"objectType\":\"Field\",\"objectDomain\":\"fields\",\"editActive\":false,\"order\":9,\"idAttribute\":\"id\",\"type\":\"textbox\",\"label\":\"F\\u00f6r\\u00e4lder\\\/n\\u00e4rmast anh\\u00f6rig\",\"input_limit_msg\":\"Tecken kvar\",\"input_limit_type\":\"characters\",\"required\":1,\"label_pos\":\"above\",\"key\":\"foeraelder_naermast_anhoerig_1519846845470\",\"field_label\":\"F\\u00f6r\\u00e4lder\\\/n\\u00e4rmast anh\\u00f6rig\",\"field_key\":\"foeraelder_naermast_anhoerig_1519846845470\",\"default\":\"\",\"placeholder\":\"\",\"container_class\":\"\",\"element_class\":\"\",\"input_limit\":\"\",\"manual_key\":false,\"admin_label\":\"\",\"help_text\":\"\",\"mask\":\"\",\"custom_mask\":\"\",\"custom_name_attribute\":\"\",\"personally_identifiable\":\"\",\"value\":\"\",\"id\":218,\"beforeField\":\"\",\"afterField\":\"\",\"parentType\":\"textbox\",\"element_templates\":[\"textbox\",\"input\"],\"old_classname\":\"\",\"wrap_template\":\"wrap\"},{\"objectType\":\"Field\",\"objectDomain\":\"fields\",\"editActive\":false,\"order\":10,\"idAttribute\":\"id\",\"input_limit_msg\":\"Tecken kvar\",\"input_limit_type\":\"characters\",\"required\":1,\"label_pos\":\"above\",\"key\":\"telefon_till_foeraelder_naermast_anhoerig_1519846853880\",\"label\":\"Telefon till f\\u00f6r\\u00e4lder\\\/n\\u00e4rmast anh\\u00f6rig\",\"type\":\"phone\",\"field_label\":\"Telefon till f\\u00f6r\\u00e4lder\\\/n\\u00e4rmast anh\\u00f6rig\",\"field_key\":\"telefon_till_foeraelder_naermast_anhoerig_1519846853880\",\"default\":\"\",\"placeholder\":\"\",\"container_class\":\"\",\"element_class\":\"\",\"input_limit\":\"\",\"manual_key\":false,\"admin_label\":\"\",\"help_text\":\"\",\"mask\":\"\",\"custom_mask\":\"\",\"custom_name_attribute\":\"phone\",\"personally_identifiable\":1,\"value\":\"\",\"id\":219,\"beforeField\":\"\",\"afterField\":\"\",\"parentType\":\"textbox\",\"element_templates\":[\"tel\",\"textbox\",\"input\"],\"old_classname\":\"\",\"wrap_template\":\"wrap\"},{\"objectType\":\"Field\",\"objectDomain\":\"fields\",\"editActive\":false,\"order\":11,\"idAttribute\":\"id\",\"input_limit_msg\":\"Tecken kvar\",\"input_limit_type\":\"characters\",\"label_pos\":\"above\",\"key\":\"oevriga_upplysningar_allergier_specialkost_osv_1519847016741\",\"label\":\"\\u00d6vriga upplysningar (allergier, specialkost osv.)\",\"type\":\"textarea\",\"field_label\":\"\\u00d6vriga upplysningar (allergier, specialkost osv.)\",\"field_key\":\"oevriga_upplysningar_allergier_specialkost_osv_1519847016741\",\"required\":false,\"default\":\"\",\"placeholder\":\"\",\"container_class\":\"\",\"element_class\":\"\",\"input_limit\":\"\",\"manual_key\":false,\"admin_label\":\"\",\"help_text\":\"\",\"textarea_rte\":\"\",\"disable_rte_mobile\":\"\",\"textarea_media\":\"\",\"value\":\"\",\"id\":222,\"beforeField\":\"\",\"afterField\":\"\",\"parentType\":\"textarea\",\"element_templates\":[\"textarea\",\"input\"],\"old_classname\":\"\",\"wrap_template\":\"wrap\"},{\"objectType\":\"Field\",\"objectDomain\":\"fields\",\"editActive\":false,\"order\":12,\"idAttribute\":\"id\",\"drawerDisabled\":\"\",\"unchecked_value\":\"Avmarkerat\",\"checked_value\":\"Ja\",\"default_value\":\"unchecked\",\"label_pos\":\"right\",\"key\":\"foton_pa_deltagaren_far_publiceras_pa_hemsida_och_sociala_medier_1552642499468\",\"label\":\"Foton p\\u00e5 deltagaren f\\u00e5r publiceras p\\u00e5 hemsida och sociala medier\",\"type\":\"checkbox\",\"field_label\":\"Foton p\\u00e5 deltagaren f\\u00e5r publiceras p\\u00e5 hemsida och sociala medier\",\"field_key\":\"foton_pa_deltagaren_far_publiceras_pa_hemsida_och_sociala_medier_1552642499468\",\"required\":false,\"container_class\":\"\",\"element_class\":\"\",\"manual_key\":false,\"admin_label\":\"\",\"help_text\":\"\",\"id\":225,\"beforeField\":\"\",\"afterField\":\"\",\"value\":\"\",\"parentType\":\"checkbox\",\"element_templates\":[\"checkbox\",\"input\"],\"old_classname\":\"\",\"wrap_template\":\"wrap\"},{\"objectType\":\"Field\",\"objectDomain\":\"fields\",\"editActive\":false,\"order\":20,\"idAttribute\":\"id\",\"key\":\"skicka_1519847400151\",\"processing_label\":\"Behandlas\",\"label\":\"Skicka\",\"type\":\"submit\",\"field_label\":\"Skicka\",\"field_key\":\"skicka_1519847400151\",\"container_class\":\"\",\"element_class\":\"\",\"id\":223,\"beforeField\":\"\",\"afterField\":\"\",\"value\":\"\",\"label_pos\":\"above\",\"parentType\":\"textbox\",\"element_templates\":[\"submit\",\"button\",\"input\"],\"old_classname\":\"\",\"wrap_template\":\"wrap-no-label\"}];nfForms.push(form);<\/script>\n        ","protected":false},"excerpt":{"rendered":"<p>Junior-SYBB \u2013&nbsp;Swedish Youth Brass Band, junior \u2013 \u00e4r en nationell ungdomsorkester med bes\u00e4ttning brassband. Orkestern drivs av Svensk Musik med Mission. Kan jag vara med i Junior-SYBB? Junior-SYBB v\u00e4nder sig i f\u00f6rsta hand till deltagare i \u00e5ldrarna 13-16 \u00e5r. F\u00f6r dig som \u00e4r 17-24 \u00e5r finns SYBB. Rekrytering sker framf\u00f6r allt\u00a0inom SMM men det kr\u00e4vs [&hellip;]<\/p>\n","protected":false},"author":1,"featured_media":0,"parent":95,"menu_order":1,"comment_status":"closed","ping_status":"closed","template":"","meta":{"footnotes":""},"class_list":["post-20","page","type-page","status-publish","czr-hentry"],"_links":{"self":[{"href":"https:\/\/www.smm.nu\/wordpress\/index.php?rest_route=\/wp\/v2\/pages\/20","targetHints":{"allow":["GET"]}}],"collection":[{"href":"https:\/\/www.smm.nu\/wordpress\/index.php?rest_route=\/wp\/v2\/pages"}],"about":[{"href":"https:\/\/www.smm.nu\/wordpress\/index.php?rest_route=\/wp\/v2\/types\/page"}],"author":[{"embeddable":true,"href":"https:\/\/www.smm.nu\/wordpress\/index.php?rest_route=\/wp\/v2\/users\/1"}],"replies":[{"embeddable":true,"href":"https:\/\/www.smm.nu\/wordpress\/index.php?rest_route=%2Fwp%2Fv2%2Fcomments&post=20"}],"version-history":[{"count":74,"href":"https:\/\/www.smm.nu\/wordpress\/index.php?rest_route=\/wp\/v2\/pages\/20\/revisions"}],"predecessor-version":[{"id":4004,"href":"https:\/\/www.smm.nu\/wordpress\/index.php?rest_route=\/wp\/v2\/pages\/20\/revisions\/4004"}],"up":[{"embeddable":true,"href":"https:\/\/www.smm.nu\/wordpress\/index.php?rest_route=\/wp\/v2\/pages\/95"}],"wp:attachment":[{"href":"https:\/\/www.smm.nu\/wordpress\/index.php?rest_route=%2Fwp%2Fv2%2Fmedia&parent=20"}],"curies":[{"name":"wp","href":"https:\/\/api.w.org\/{rel}","templated":true}]}}